{"id":4246,"date":"2017-05-31T08:52:47","date_gmt":"2017-05-31T08:52:47","guid":{"rendered":"http:\/\/www.plasticos-soriano.com\/documents\/"},"modified":"2021-01-24T18:22:31","modified_gmt":"2021-01-24T18:22:31","slug":"documents","status":"publish","type":"page","link":"https:\/\/plasticos-soriano.com\/fr\/documents\/","title":{"rendered":"Documents"},"content":{"rendered":"<div class=\"flex_column av_two_fifth  flex_column_div av-zero-column-padding first  avia-builder-el-0  el_before_av_three_fifth  avia-builder-el-first  \" style='border-radius:0px; '><div  class='avia-image-container avia_animated_image avia_animate_when_almost_visible fade-in av-styling-circle    avia-builder-el-1  avia-builder-el-no-sibling  avia-align-right '  itemprop=\"image\" itemscope=\"itemscope\" itemtype=\"https:\/\/schema.org\/ImageObject\"  ><div class='avia-image-container-inner'><div class='avia-image-overlay-wrap'><img class='avia_image' src='https:\/\/plasticos-soriano.com\/wp-content\/uploads\/2017\/02\/documentos-180x180.png' alt='' title='documentos' height=\"180\" width=\"180\"  itemprop=\"thumbnailUrl\"  \/><\/div><\/div><\/div><\/div>\n<div class=\"flex_column av_three_fifth  flex_column_div av-zero-column-padding   avia-builder-el-2  el_after_av_two_fifth  el_before_av_hr  \" style='border-radius:0px; '><p><article  class=\"iconbox iconbox_left    avia-builder-el-3  el_before_av_iconlist  avia-builder-el-first  \"  itemscope=\"itemscope\" itemtype=\"https:\/\/schema.org\/CreativeWork\" ><div class=\"iconbox_content\"><header class=\"entry-content-header\"><div class=\"iconbox_icon heading-color \" aria-hidden='true' data-av_icon='\ue823' data-av_iconfont='entypo-fontello'  ><\/div><h3 class='iconbox_content_title  '  itemprop=\"headline\"  >Documents<\/h3><\/header><div class='iconbox_content_container  '  itemprop=\"text\"  ><\/div><\/div><footer class=\"entry-footer\"><\/footer><\/article><br \/>\n<div  class='avia-icon-list-container   avia-builder-el-4  el_after_av_icon_box  avia-builder-el-last '><ul class='avia-icon-list avia-icon-list-left av-iconlist-small avia_animate_when_almost_visible avia-iconlist-animate'>\n<li><a href='http:\/\/plasticos-soriano.com\/wp-content\/uploads\/2017\/04\/ISO9001-PLASTICOS-SORIANO.pdf' title='ISO 9001'  target=\"_blank\"   class='iconlist_icon  avia-font-entypo-fontello'><span class='iconlist-char ' aria-hidden='true' data-av_icon='\ue84b' data-av_iconfont='entypo-fontello'><\/span><\/a><article class=\"article-icon-entry \"  itemscope=\"itemscope\" itemtype=\"https:\/\/schema.org\/CreativeWork\" ><div class='iconlist_content_wrap'><header class=\"entry-content-header\"><div class='av_iconlist_title iconlist_title_small   '  itemprop=\"headline\"  ><a href='http:\/\/plasticos-soriano.com\/wp-content\/uploads\/2017\/04\/ISO9001-PLASTICOS-SORIANO.pdf' title='ISO 9001' target=\"_blank\" >ISO 9001<\/a><\/div><\/header><div class='iconlist_content  '  itemprop=\"text\"  ><p>ISO 9001:2015<\/p>\n<\/div><\/div><footer class=\"entry-footer\"><\/footer><\/article><div class='iconlist-timeline'><\/div><\/li>\n<li><a href='https:\/\/plasticos-soriano.com\/wp-content\/uploads\/2021\/01\/00-2_Politica-_3a-Ed.pdf' title='Politique de Qualit\u00e9'  target=\"_blank\"   class='iconlist_icon  avia-font-entypo-fontello'><span class='iconlist-char ' aria-hidden='true' data-av_icon='\ue84b' data-av_iconfont='entypo-fontello'><\/span><\/a><article class=\"article-icon-entry \"  itemscope=\"itemscope\" itemtype=\"https:\/\/schema.org\/CreativeWork\" ><div class='iconlist_content_wrap'><header class=\"entry-content-header\"><div class='av_iconlist_title iconlist_title_small   '  itemprop=\"headline\"  ><a href='https:\/\/plasticos-soriano.com\/wp-content\/uploads\/2021\/01\/00-2_Politica-_3a-Ed.pdf' title='Politique de Qualit\u00e9' target=\"_blank\" >Politique de Qualit\u00e9<\/a><\/div><\/header><div class='iconlist_content  '  itemprop=\"text\"  ><p>Politique de qualit\u00e9 approuv\u00e9e par la direction de Pl\u00e1sticos Soriano, S.L.<\/p>\n<\/div><\/div><footer class=\"entry-footer\"><\/footer><\/article><div class='iconlist-timeline'><\/div><\/li>\n<li><a href='http:\/\/plasticos-soriano.com\/wp-content\/uploads\/2017\/02\/rsipac-rgseaa.pdf' title='Registre Sanitaire'  target=\"_blank\"   class='iconlist_icon  avia-font-entypo-fontello'><span class='iconlist-char ' aria-hidden='true' data-av_icon='\ue84b' data-av_iconfont='entypo-fontello'><\/span><\/a><article class=\"article-icon-entry \"  itemscope=\"itemscope\" itemtype=\"https:\/\/schema.org\/CreativeWork\" ><div class='iconlist_content_wrap'><header class=\"entry-content-header\"><div class='av_iconlist_title iconlist_title_small   '  itemprop=\"headline\"  ><a href='http:\/\/plasticos-soriano.com\/wp-content\/uploads\/2017\/02\/rsipac-rgseaa.pdf' title='Registre Sanitaire' target=\"_blank\" >Registre Sanitaire<\/a><\/div><\/header><div class='iconlist_content  '  itemprop=\"text\"  ><p>Registre Sanitaire<\/p>\n<\/div><\/div><footer class=\"entry-footer\"><\/footer><\/article><div class='iconlist-timeline'><\/div><\/li>\n<li><a href='https:\/\/plasticos-soriano.com\/wp-content\/uploads\/2021\/01\/REACH2021.pdf' title='REACH'  target=\"_blank\"   class='iconlist_icon  avia-font-entypo-fontello'><span class='iconlist-char ' aria-hidden='true' data-av_icon='\ue84b' data-av_iconfont='entypo-fontello'><\/span><\/a><article class=\"article-icon-entry \"  itemscope=\"itemscope\" itemtype=\"https:\/\/schema.org\/CreativeWork\" ><div class='iconlist_content_wrap'><header class=\"entry-content-header\"><div class='av_iconlist_title iconlist_title_small   '  itemprop=\"headline\"  ><a href='https:\/\/plasticos-soriano.com\/wp-content\/uploads\/2021\/01\/REACH2021.pdf' title='REACH' target=\"_blank\" >REACH<\/a><\/div><\/header><div class='iconlist_content  '  itemprop=\"text\"  ><p>REACH et les substances extr\u00eamement pr\u00e9occupantes<\/p>\n<\/div><\/div><footer class=\"entry-footer\"><\/footer><\/article><div class='iconlist-timeline'><\/div><\/li>\n<\/ul><\/div><\/p><\/div><div   class='hr hr-default   avia-builder-el-5  el_after_av_three_fifth  el_before_av_textblock '><span class='hr-inner ' ><span class='hr-inner-style'><\/span><\/span><\/div><\/p>\n<section class=\"av_textblock_section \"  itemscope=\"itemscope\" itemtype=\"https:\/\/schema.org\/CreativeWork\" ><div class='avia_textblock  '   itemprop=\"text\" ><p>Vous trouverez sur cette page les documents utiles \u00e0 t\u00e9l\u00e9charger.<\/p>\n<p>Pour toute demande de documents ne figurant pas dans cette section, n&rsquo;h\u00e9sitez pas \u00e0 nous contacter.<\/p>\n<\/div><\/section>\n","protected":false},"excerpt":{"rendered":"","protected":false},"author":1,"featured_media":0,"parent":0,"menu_order":0,"comment_status":"closed","ping_status":"closed","template":"","meta":{"_joinchat":[],"footnotes":""},"class_list":["post-4246","page","type-page","status-publish","hentry"],"_links":{"self":[{"href":"https:\/\/plasticos-soriano.com\/fr\/wp-json\/wp\/v2\/pages\/4246\/"}],"collection":[{"href":"https:\/\/plasticos-soriano.com\/fr\/wp-json\/wp\/v2\/pages\/"}],"about":[{"href":"https:\/\/plasticos-soriano.com\/fr\/wp-json\/wp\/v2\/types\/page\/"}],"author":[{"embeddable":true,"href":"https:\/\/plasticos-soriano.com\/fr\/wp-json\/wp\/v2\/users\/1\/"}],"replies":[{"embeddable":true,"href":"https:\/\/plasticos-soriano.com\/fr\/wp-json\/wp\/v2\/comments\/?post=4246"}],"version-history":[{"count":10,"href":"https:\/\/plasticos-soriano.com\/fr\/wp-json\/wp\/v2\/pages\/4246\/revisions\/"}],"predecessor-version":[{"id":7325,"href":"https:\/\/plasticos-soriano.com\/fr\/wp-json\/wp\/v2\/pages\/4246\/revisions\/7325\/"}],"wp:attachment":[{"href":"https:\/\/plasticos-soriano.com\/fr\/wp-json\/wp\/v2\/media\/?parent=4246"}],"curies":[{"name":"wp","href":"https:\/\/api.w.org\/{rel}","templated":true}]}}