{"id":4555,"date":"2017-06-07T07:59:09","date_gmt":"2017-06-07T07:59:09","guid":{"rendered":"http:\/\/www.plasticos-soriano.com\/nos-produits\/sacs-et-sachets\/sacs\/"},"modified":"2017-06-08T10:12:45","modified_gmt":"2017-06-08T10:12:45","slug":"sacs","status":"publish","type":"page","link":"https:\/\/plasticos-soriano.com\/fr\/nos-produits\/sacs-et-sachets\/sacs\/","title":{"rendered":"Sacs"},"content":{"rendered":"<div class=\"flex_column av_two_third  flex_column_div av-zero-column-padding first  avia-builder-el-0  el_before_av_one_third  avia-builder-el-first  \" style='border-radius:0px; '><section class=\"av_textblock_section \"  itemscope=\"itemscope\" itemtype=\"https:\/\/schema.org\/CreativeWork\" ><div class='avia_textblock  '   itemprop=\"text\" ><h3>Sacs<\/h3>\n<\/div><\/section><br \/>\n<div  class='avia-icon-list-container   avia-builder-el-2  el_after_av_textblock  avia-builder-el-last '><ul class='avia-icon-list avia-icon-list-left av-iconlist-big avia_animate_when_almost_visible avia-iconlist-animate'>\n<li><div  class='iconlist_icon  avia-font-entypo-fontello'><span class='iconlist-char ' aria-hidden='true' data-av_icon='\ue836' data-av_iconfont='entypo-fontello'><\/span><\/div><article class=\"article-icon-entry \"  itemscope=\"itemscope\" itemtype=\"https:\/\/schema.org\/CreativeWork\" ><div class='iconlist_content_wrap'><header class=\"entry-content-header\"><h4 class='av_iconlist_title iconlist_title   '  itemprop=\"headline\"   style='font-size:14px; '>Description<\/h4><\/header><div class='iconlist_content  '  itemprop=\"text\"  ><p>Ce type de sacs plastique sert \u00e0 prot\u00e9ger, transporter, garder ou conserver tout article ou objets.<\/p>\n<\/div><\/div><footer class=\"entry-footer\"><\/footer><\/article><div class='iconlist-timeline'><\/div><\/li>\n<li><div  class='iconlist_icon  avia-font-entypo-fontello'><span class='iconlist-char ' aria-hidden='true' data-av_icon='\ue84b' data-av_iconfont='entypo-fontello'><\/span><\/div><article class=\"article-icon-entry \"  itemscope=\"itemscope\" itemtype=\"https:\/\/schema.org\/CreativeWork\" ><div class='iconlist_content_wrap'><header class=\"entry-content-header\"><h4 class='av_iconlist_title iconlist_title   '  itemprop=\"headline\"   style='font-size:14px; '>Caract\u00e9ristiques techniques<\/h4><\/header><div class='iconlist_content  '  itemprop=\"text\"  ><p>Materiaux: PEBD, PEHD, CPP, BoPP.<br \/>\nCouleur\u00a0: Possibilit\u00e9 de fabrication en plusieurs couleurs teint\u00e9 dans la masse.<br \/>\nEpaisseur\u00a0: Possibilit\u00e9 de fabrication en plusieurs \u00e9paisseurs.<br \/>\nType de soudure\u00a0: Soudure de fond, lat\u00e9ral, triple soudure.<br \/>\nFinitions\u00a0: Macroperforations, Microperforations, soufflets lat\u00e9raux, soufflet de fond, rabat simple ou adh\u00e9sif, d\u00e9coupe sur mesure.<\/p>\n<\/div><\/div><footer class=\"entry-footer\"><\/footer><\/article><div class='iconlist-timeline'><\/div><\/li>\n<li><div  class='iconlist_icon  avia-font-entypo-fontello'><span class='iconlist-char ' aria-hidden='true' data-av_icon='\ue8cd' data-av_iconfont='entypo-fontello'><\/span><\/div><article class=\"article-icon-entry \"  itemscope=\"itemscope\" itemtype=\"https:\/\/schema.org\/CreativeWork\" ><div class='iconlist_content_wrap'><header class=\"entry-content-header\"><h4 class='av_iconlist_title iconlist_title   '  itemprop=\"headline\"   style='font-size:14px; '>Impression<\/h4><\/header><div class='iconlist_content  '  itemprop=\"text\"  ><p>Personnalisation \u00e0 la demande selon design et logo du client par impression flexografique jusqu\u2019\u00e0 8 couleurs<\/p>\n<\/div><\/div><footer class=\"entry-footer\"><\/footer><\/article><div class='iconlist-timeline'><\/div><\/li>\n<li><div  class='iconlist_icon  avia-font-entypo-fontello'><span class='iconlist-char ' aria-hidden='true' data-av_icon='\ue856' data-av_iconfont='entypo-fontello'><\/span><\/div><article class=\"article-icon-entry \"  itemscope=\"itemscope\" itemtype=\"https:\/\/schema.org\/CreativeWork\" ><div class='iconlist_content_wrap'><header class=\"entry-content-header\"><h4 class='av_iconlist_title iconlist_title   '  itemprop=\"headline\"   style='font-size:14px; '>Secteurs et clients<\/h4><\/header><div class='iconlist_content  '  itemprop=\"text\"  ><p>Sacs pour l\u2019industrie chimique<br \/>\nSacs pour l\u2019industrie pharmaceutique<br \/>\nSacs pour le secteur alimentaire<br \/>\nSacs pour le secteur agricole<br \/>\nSacs Pour l\u2019industrie textile et confection.<br \/>\nSacs pour le commerce<\/p>\n<\/div><\/div><footer class=\"entry-footer\"><\/footer><\/article><div class='iconlist-timeline'><\/div><\/li>\n<\/ul><\/div><\/p><\/div><div class=\"flex_column av_one_third  flex_column_div av-zero-column-padding   avia-builder-el-3  el_after_av_two_third  avia-builder-el-last  \" style='border-radius:0px; '><p><div  style='height:50px' class='hr hr-invisible   avia-builder-el-4  el_before_av_image  avia-builder-el-first '><span class='hr-inner ' ><span class='hr-inner-style'><\/span><\/span><\/div><br \/>\n<div  class='avia-image-container  av-styling-    avia-builder-el-5  el_after_av_hr  avia-builder-el-last  avia-align-center '  itemprop=\"image\" itemscope=\"itemscope\" itemtype=\"https:\/\/schema.org\/ImageObject\"  ><div class='avia-image-container-inner'><div class='avia-image-overlay-wrap'><img class='avia_image' src='https:\/\/plasticos-soriano.com\/wp-content\/uploads\/2017\/03\/Bolsas.jpg' alt='' title='Bolsas' height=\"125\" width=\"125\"  itemprop=\"thumbnailUrl\"  \/><\/div><\/div><\/div><\/p><\/div><\/p>\n","protected":false},"excerpt":{"rendered":"","protected":false},"author":1,"featured_media":0,"parent":4538,"menu_order":0,"comment_status":"closed","ping_status":"closed","template":"","meta":{"_joinchat":[],"footnotes":""},"class_list":["post-4555","page","type-page","status-publish","hentry"],"_links":{"self":[{"href":"https:\/\/plasticos-soriano.com\/fr\/wp-json\/wp\/v2\/pages\/4555\/"}],"collection":[{"href":"https:\/\/plasticos-soriano.com\/fr\/wp-json\/wp\/v2\/pages\/"}],"about":[{"href":"https:\/\/plasticos-soriano.com\/fr\/wp-json\/wp\/v2\/types\/page\/"}],"author":[{"embeddable":true,"href":"https:\/\/plasticos-soriano.com\/fr\/wp-json\/wp\/v2\/users\/1\/"}],"replies":[{"embeddable":true,"href":"https:\/\/plasticos-soriano.com\/fr\/wp-json\/wp\/v2\/comments\/?post=4555"}],"version-history":[{"count":0,"href":"https:\/\/plasticos-soriano.com\/fr\/wp-json\/wp\/v2\/pages\/4555\/revisions\/"}],"up":[{"embeddable":true,"href":"https:\/\/plasticos-soriano.com\/fr\/wp-json\/wp\/v2\/pages\/4538\/"}],"wp:attachment":[{"href":"https:\/\/plasticos-soriano.com\/fr\/wp-json\/wp\/v2\/media\/?parent=4555"}],"curies":[{"name":"wp","href":"https:\/\/api.w.org\/{rel}","templated":true}]}}